{"id":931,"date":"2022-09-12T14:49:44","date_gmt":"2022-09-12T14:49:44","guid":{"rendered":"https:\/\/kpd.areagency.be\/nos-actualites\/"},"modified":"2022-12-28T13:11:37","modified_gmt":"2022-12-28T12:11:37","slug":"nos-actualites","status":"publish","type":"page","link":"https:\/\/kpd.be\/fr\/nos-actualites\/","title":{"rendered":"Nos actualit\u00e9s"},"content":{"rendered":"[vc_row type=\u00a0\u00bbfull_width_background\u00a0\u00bb full_screen_row_position=\u00a0\u00bbmiddle\u00a0\u00bb column_margin=\u00a0\u00bbdefault\u00a0\u00bb column_direction=\u00a0\u00bbdefault\u00a0\u00bb column_direction_tablet=\u00a0\u00bbdefault\u00a0\u00bb column_direction_phone=\u00a0\u00bbdefault\u00a0\u00bb scene_position=\u00a0\u00bbcenter\u00a0\u00bb top_padding=\u00a0\u00bb6%\u00a0\u00bb bottom_padding=\u00a0\u00bb6%\u00a0\u00bb text_color=\u00a0\u00bbdark\u00a0\u00bb text_align=\u00a0\u00bbleft\u00a0\u00bb row_border_radius=\u00a0\u00bbnone\u00a0\u00bb row_border_radius_applies=\u00a0\u00bbbg\u00a0\u00bb overflow=\u00a0\u00bbvisible\u00a0\u00bb overlay_strength=\u00a0\u00bb0.3&Prime; gradient_direction=\u00a0\u00bbleft_to_right\u00a0\u00bb shape_divider_position=\u00a0\u00bbbottom\u00a0\u00bb bg_image_animation=\u00a0\u00bbnone\u00a0\u00bb shape_type=\u00a0\u00bb\u00a0\u00bb][vc_column column_padding=\u00a0\u00bbno-extra-padding\u00a0\u00bb column_padding_tablet=\u00a0\u00bbinherit\u00a0\u00bb column_padding_phone=\u00a0\u00bbinherit\u00a0\u00bb column_padding_position=\u00a0\u00bball\u00a0\u00bb column_element_direction_desktop=\u00a0\u00bbdefault\u00a0\u00bb column_element_spacing=\u00a0\u00bbdefault\u00a0\u00bb desktop_text_alignment=\u00a0\u00bbdefault\u00a0\u00bb tablet_text_alignment=\u00a0\u00bbdefault\u00a0\u00bb phone_text_alignment=\u00a0\u00bbdefault\u00a0\u00bb background_color_opacity=\u00a0\u00bb1&Prime; background_hover_color_opacity=\u00a0\u00bb1&Prime; column_backdrop_filter=\u00a0\u00bbnone\u00a0\u00bb column_shadow=\u00a0\u00bbnone\u00a0\u00bb column_border_radius=\u00a0\u00bbnone\u00a0\u00bb column_link_target=\u00a0\u00bb_self\u00a0\u00bb column_position=\u00a0\u00bbdefault\u00a0\u00bb gradient_direction=\u00a0\u00bbleft_to_right\u00a0\u00bb overlay_strength=\u00a0\u00bb0.3&Prime; width=\u00a0\u00bb1\/1&Prime; tablet_width_inherit=\u00a0\u00bbdefault\u00a0\u00bb animation_type=\u00a0\u00bbdefault\u00a0\u00bb bg_image_animation=\u00a0\u00bbnone\u00a0\u00bb border_type=\u00a0\u00bbsimple\u00a0\u00bb column_border_width=\u00a0\u00bbnone\u00a0\u00bb column_border_style=\u00a0\u00bbsolid\u00a0\u00bb][nectar_blog layout=\u00a0\u00bbmasonry-blog-fullwidth\u00a0\u00bb blog_masonry_style=\u00a0\u00bbclassic_enhanced\u00a0\u00bb load_in_animation=\u00a0\u00bbnone\u00a0\u00bb category=\u00a0\u00bball\u00a0\u00bb enable_pagination=\u00a0\u00bbtrue\u00a0\u00bb pagination_type=\u00a0\u00bbdefault\u00a0\u00bb order=\u00a0\u00bbDESC\u00a0\u00bb orderby=\u00a0\u00bbdate\u00a0\u00bb blog_remove_post_date=\u00a0\u00bbtrue\u00a0\u00bb blog_remove_post_author=\u00a0\u00bbtrue\u00a0\u00bb blog_remove_post_comment_number=\u00a0\u00bbtrue\u00a0\u00bb blog_remove_post_nectar_love=\u00a0\u00bbtrue\u00a0\u00bb posts_per_page=\u00a0\u00bb9&Prime;][\/vc_column][\/vc_row]\n","protected":false},"excerpt":{"rendered":"<p>[vc_row type=\u00a0\u00bbfull_width_background\u00a0\u00bb full_screen_row_position=\u00a0\u00bbmiddle\u00a0\u00bb column_margin=\u00a0\u00bbdefault\u00a0\u00bb column_direction=\u00a0\u00bbdefault\u00a0\u00bb column_direction_tablet=\u00a0\u00bbdefault\u00a0\u00bb column_direction_phone=\u00a0\u00bbdefault\u00a0\u00bb scene_position=\u00a0\u00bbcenter\u00a0\u00bb top_padding=\u00a0\u00bb6%\u00a0\u00bb bottom_padding=\u00a0\u00bb6%\u00a0\u00bb text_color=\u00a0\u00bbdark\u00a0\u00bb text_align=\u00a0\u00bbleft\u00a0\u00bb row_border_radius=\u00a0\u00bbnone\u00a0\u00bb row_border_radius_applies=\u00a0\u00bbbg\u00a0\u00bb overflow=\u00a0\u00bbvisible\u00a0\u00bb overlay_strength=\u00a0\u00bb0.3&Prime; gradient_direction=\u00a0\u00bbleft_to_right\u00a0\u00bb shape_divider_position=\u00a0\u00bbbottom\u00a0\u00bb bg_image_animation=\u00a0\u00bbnone\u00a0\u00bb shape_type=\u00a0\u00bb\u00a0\u00bb][vc_column column_padding=\u00a0\u00bbno-extra-padding\u00a0\u00bb column_padding_tablet=\u00a0\u00bbinherit\u00a0\u00bb column_padding_phone=\u00a0\u00bbinherit\u00a0\u00bb column_padding_position=\u00a0\u00bball\u00a0\u00bb column_element_direction_desktop=\u00a0\u00bbdefault\u00a0\u00bb column_element_spacing=\u00a0\u00bbdefault\u00a0\u00bb desktop_text_alignment=\u00a0\u00bbdefault\u00a0\u00bb tablet_text_alignment=\u00a0\u00bbdefault\u00a0\u00bb phone_text_alignment=\u00a0\u00bbdefault\u00a0\u00bb background_color_opacity=\u00a0\u00bb1&Prime;&#8230;<\/p>\n","protected":false},"author":1,"featured_media":0,"parent":0,"menu_order":0,"comment_status":"closed","ping_status":"closed","template":"","meta":{"inline_featured_image":false,"footnotes":""},"class_list":["post-931","page","type-page","status-publish"],"yoast_head":"<!-- This site is optimized with the Yoast SEO plugin v27.4 - https:\/\/yoast.com\/product\/yoast-seo-wordpress\/ -->\n<title>Nos actualit\u00e9s - KPD<\/title>\n<meta name=\"description\" content=\"Restez toujours au courant gr\u00e2ce aux articles d&#039;actualit\u00e9 et aux blogs du KPD. Vous pr\u00e9f\u00e9rez un conseil personnalis\u00e9?\" \/>\n<meta name=\"robots\" content=\"index, follow, max-snippet:-1, max-image-preview:large, max-video-preview:-1\" \/>\n<link rel=\"canonical\" href=\"https:\/\/kpd.be\/fr\/nos-actualites\/\" \/>\n<meta property=\"og:locale\" content=\"fr_FR\" \/>\n<meta property=\"og:type\" content=\"article\" \/>\n<meta property=\"og:title\" content=\"Nos actualit\u00e9s - KPD\" \/>\n<meta property=\"og:description\" content=\"Restez toujours au courant gr\u00e2ce aux articles d&#039;actualit\u00e9 et aux blogs du KPD. Vous pr\u00e9f\u00e9rez un conseil personnalis\u00e9?\" \/>\n<meta property=\"og:url\" content=\"https:\/\/kpd.be\/fr\/nos-actualites\/\" \/>\n<meta property=\"og:site_name\" content=\"KPD\" \/>\n<meta property=\"article:publisher\" content=\"https:\/\/www.facebook.com\/kpd.digitalacceleratorforconstructioncompanies\" \/>\n<meta property=\"article:modified_time\" content=\"2022-12-28T12:11:37+00:00\" \/>\n<meta name=\"twitter:card\" content=\"summary_large_image\" \/>\n<meta name=\"twitter:site\" content=\"@KPD_Services\" \/>\n<meta name=\"twitter:label1\" content=\"Dur\u00e9e de lecture estim\u00e9e\" \/>\n\t<meta name=\"twitter:data1\" content=\"1 minute\" \/>\n<script type=\"application\/ld+json\" class=\"yoast-schema-graph\">{\"@context\":\"https:\\\/\\\/schema.org\",\"@graph\":[{\"@type\":\"WebPage\",\"@id\":\"https:\\\/\\\/kpd.be\\\/fr\\\/nos-actualites\\\/\",\"url\":\"https:\\\/\\\/kpd.be\\\/fr\\\/nos-actualites\\\/\",\"name\":\"Nos actualit\u00e9s - KPD\",\"isPartOf\":{\"@id\":\"https:\\\/\\\/kpd.be\\\/en\\\/#website\"},\"datePublished\":\"2022-09-12T14:49:44+00:00\",\"dateModified\":\"2022-12-28T12:11:37+00:00\",\"description\":\"Restez toujours au courant gr\u00e2ce aux articles d'actualit\u00e9 et aux blogs du KPD. Vous pr\u00e9f\u00e9rez un conseil personnalis\u00e9?\",\"breadcrumb\":{\"@id\":\"https:\\\/\\\/kpd.be\\\/fr\\\/nos-actualites\\\/#breadcrumb\"},\"inLanguage\":\"fr-FR\",\"potentialAction\":[{\"@type\":\"ReadAction\",\"target\":[\"https:\\\/\\\/kpd.be\\\/fr\\\/nos-actualites\\\/\"]}]},{\"@type\":\"BreadcrumbList\",\"@id\":\"https:\\\/\\\/kpd.be\\\/fr\\\/nos-actualites\\\/#breadcrumb\",\"itemListElement\":[{\"@type\":\"ListItem\",\"position\":1,\"name\":\"Home\",\"item\":\"https:\\\/\\\/kpd.be\\\/fr\\\/\"},{\"@type\":\"ListItem\",\"position\":2,\"name\":\"Nos actualit\u00e9s\"}]},{\"@type\":\"WebSite\",\"@id\":\"https:\\\/\\\/kpd.be\\\/en\\\/#website\",\"url\":\"https:\\\/\\\/kpd.be\\\/en\\\/\",\"name\":\"KPD\",\"description\":\"Digital accelerator for construction companies\",\"publisher\":{\"@id\":\"https:\\\/\\\/kpd.be\\\/en\\\/#organization\"},\"potentialAction\":[{\"@type\":\"SearchAction\",\"target\":{\"@type\":\"EntryPoint\",\"urlTemplate\":\"https:\\\/\\\/kpd.be\\\/en\\\/?s={search_term_string}\"},\"query-input\":{\"@type\":\"PropertyValueSpecification\",\"valueRequired\":true,\"valueName\":\"search_term_string\"}}],\"inLanguage\":\"fr-FR\"},{\"@type\":\"Organization\",\"@id\":\"https:\\\/\\\/kpd.be\\\/en\\\/#organization\",\"name\":\"KPD\",\"url\":\"https:\\\/\\\/kpd.be\\\/en\\\/\",\"logo\":{\"@type\":\"ImageObject\",\"inLanguage\":\"fr-FR\",\"@id\":\"https:\\\/\\\/kpd.be\\\/en\\\/#\\\/schema\\\/logo\\\/image\\\/\",\"url\":\"https:\\\/\\\/kpd.be\\\/wp-content\\\/uploads\\\/2022\\\/08\\\/KPD-footer-logo-e1661871768847.jpg\",\"contentUrl\":\"https:\\\/\\\/kpd.be\\\/wp-content\\\/uploads\\\/2022\\\/08\\\/KPD-footer-logo-e1661871768847.jpg\",\"width\":2085,\"height\":1054,\"caption\":\"KPD\"},\"image\":{\"@id\":\"https:\\\/\\\/kpd.be\\\/en\\\/#\\\/schema\\\/logo\\\/image\\\/\"},\"sameAs\":[\"https:\\\/\\\/www.facebook.com\\\/kpd.digitalacceleratorforconstructioncompanies\",\"https:\\\/\\\/x.com\\\/KPD_Services\",\"https:\\\/\\\/www.linkedin.com\\\/company\\\/kpd-software-&amp;-services\"]}]}<\/script>\n<!-- \/ Yoast SEO plugin. -->","yoast_head_json":{"title":"Nos actualit\u00e9s - KPD","description":"Restez toujours au courant gr\u00e2ce aux articles d'actualit\u00e9 et aux blogs du KPD. Vous pr\u00e9f\u00e9rez un conseil personnalis\u00e9?","robots":{"index":"index","follow":"follow","max-snippet":"max-snippet:-1","max-image-preview":"max-image-preview:large","max-video-preview":"max-video-preview:-1"},"canonical":"https:\/\/kpd.be\/fr\/nos-actualites\/","og_locale":"fr_FR","og_type":"article","og_title":"Nos actualit\u00e9s - KPD","og_description":"Restez toujours au courant gr\u00e2ce aux articles d'actualit\u00e9 et aux blogs du KPD. Vous pr\u00e9f\u00e9rez un conseil personnalis\u00e9?","og_url":"https:\/\/kpd.be\/fr\/nos-actualites\/","og_site_name":"KPD","article_publisher":"https:\/\/www.facebook.com\/kpd.digitalacceleratorforconstructioncompanies","article_modified_time":"2022-12-28T12:11:37+00:00","twitter_card":"summary_large_image","twitter_site":"@KPD_Services","twitter_misc":{"Dur\u00e9e de lecture estim\u00e9e":"1 minute"},"schema":{"@context":"https:\/\/schema.org","@graph":[{"@type":"WebPage","@id":"https:\/\/kpd.be\/fr\/nos-actualites\/","url":"https:\/\/kpd.be\/fr\/nos-actualites\/","name":"Nos actualit\u00e9s - KPD","isPartOf":{"@id":"https:\/\/kpd.be\/en\/#website"},"datePublished":"2022-09-12T14:49:44+00:00","dateModified":"2022-12-28T12:11:37+00:00","description":"Restez toujours au courant gr\u00e2ce aux articles d'actualit\u00e9 et aux blogs du KPD. Vous pr\u00e9f\u00e9rez un conseil personnalis\u00e9?","breadcrumb":{"@id":"https:\/\/kpd.be\/fr\/nos-actualites\/#breadcrumb"},"inLanguage":"fr-FR","potentialAction":[{"@type":"ReadAction","target":["https:\/\/kpd.be\/fr\/nos-actualites\/"]}]},{"@type":"BreadcrumbList","@id":"https:\/\/kpd.be\/fr\/nos-actualites\/#breadcrumb","itemListElement":[{"@type":"ListItem","position":1,"name":"Home","item":"https:\/\/kpd.be\/fr\/"},{"@type":"ListItem","position":2,"name":"Nos actualit\u00e9s"}]},{"@type":"WebSite","@id":"https:\/\/kpd.be\/en\/#website","url":"https:\/\/kpd.be\/en\/","name":"KPD","description":"Digital accelerator for construction companies","publisher":{"@id":"https:\/\/kpd.be\/en\/#organization"},"potentialAction":[{"@type":"SearchAction","target":{"@type":"EntryPoint","urlTemplate":"https:\/\/kpd.be\/en\/?s={search_term_string}"},"query-input":{"@type":"PropertyValueSpecification","valueRequired":true,"valueName":"search_term_string"}}],"inLanguage":"fr-FR"},{"@type":"Organization","@id":"https:\/\/kpd.be\/en\/#organization","name":"KPD","url":"https:\/\/kpd.be\/en\/","logo":{"@type":"ImageObject","inLanguage":"fr-FR","@id":"https:\/\/kpd.be\/en\/#\/schema\/logo\/image\/","url":"https:\/\/kpd.be\/wp-content\/uploads\/2022\/08\/KPD-footer-logo-e1661871768847.jpg","contentUrl":"https:\/\/kpd.be\/wp-content\/uploads\/2022\/08\/KPD-footer-logo-e1661871768847.jpg","width":2085,"height":1054,"caption":"KPD"},"image":{"@id":"https:\/\/kpd.be\/en\/#\/schema\/logo\/image\/"},"sameAs":["https:\/\/www.facebook.com\/kpd.digitalacceleratorforconstructioncompanies","https:\/\/x.com\/KPD_Services","https:\/\/www.linkedin.com\/company\/kpd-software-&amp;-services"]}]}},"_links":{"self":[{"href":"https:\/\/kpd.be\/fr\/wp-json\/wp\/v2\/pages\/931","targetHints":{"allow":["GET"]}}],"collection":[{"href":"https:\/\/kpd.be\/fr\/wp-json\/wp\/v2\/pages"}],"about":[{"href":"https:\/\/kpd.be\/fr\/wp-json\/wp\/v2\/types\/page"}],"author":[{"embeddable":true,"href":"https:\/\/kpd.be\/fr\/wp-json\/wp\/v2\/users\/1"}],"replies":[{"embeddable":true,"href":"https:\/\/kpd.be\/fr\/wp-json\/wp\/v2\/comments?post=931"}],"version-history":[{"count":2,"href":"https:\/\/kpd.be\/fr\/wp-json\/wp\/v2\/pages\/931\/revisions"}],"predecessor-version":[{"id":1490,"href":"https:\/\/kpd.be\/fr\/wp-json\/wp\/v2\/pages\/931\/revisions\/1490"}],"wp:attachment":[{"href":"https:\/\/kpd.be\/fr\/wp-json\/wp\/v2\/media?parent=931"}],"curies":[{"name":"wp","href":"https:\/\/api.w.org\/{rel}","templated":true}]}}