{"id":1600,"date":"2026-04-25T10:41:56","date_gmt":"2026-04-25T10:41:56","guid":{"rendered":"https:\/\/kpd.be\/?page_id=1600"},"modified":"2026-05-07T09:24:02","modified_gmt":"2026-05-07T09:24:02","slug":"add-ons","status":"publish","type":"page","link":"https:\/\/kpd.be\/fr\/add-ons\/","title":{"rendered":"Add ons"},"content":{"rendered":"<div data-elementor-type=\"wp-post\" data-elementor-id=\"1600\" class=\"elementor elementor-1600\" data-elementor-post-type=\"page\">\n\t\t\t\t<div class=\"elementor-element elementor-element-422fd7c4 e-flex e-con-boxed e-con e-parent\" data-id=\"422fd7c4\" data-element_type=\"container\" data-e-type=\"container\" data-settings=\"{&quot;background_background&quot;:&quot;classic&quot;}\">\n\t\t\t\t\t<div class=\"e-con-inner\">\n\t\t<div class=\"elementor-element elementor-element-639df7cc e-grid e-con-full e-con e-child\" data-id=\"639df7cc\" data-element_type=\"container\" data-e-type=\"container\">\n\t\t<div class=\"elementor-element elementor-element-3556658c e-con-full animated-fast e-flex elementor-invisible e-con e-child\" data-id=\"3556658c\" data-element_type=\"container\" data-e-type=\"container\" data-settings=\"{&quot;animation&quot;:&quot;fadeIn&quot;,&quot;animation_delay&quot;:100}\">\n\t\t\t\t<div class=\"elementor-element elementor-element-461dcab5 elementor-widget-mobile__width-inherit animated-fast elementor-invisible elementor-widget elementor-widget-heading\" data-id=\"461dcab5\" data-element_type=\"widget\" data-e-type=\"widget\" data-settings=\"{&quot;_animation&quot;:&quot;fadeIn&quot;,&quot;_animation_delay&quot;:100}\" data-widget_type=\"heading.default\">\n\t\t\t\t\t<h1 class=\"elementor-heading-title elementor-size-default translation-block\">Minimize paper<br>\r\nMaximize efficiency<\/h1>\t\t\t\t<\/div>\n\t\t\t\t<div class=\"elementor-element elementor-element-37d8e188 elementor-widget-tablet__width-initial elementor-widget-mobile__width-inherit animated-fast elementor-invisible elementor-widget elementor-widget-text-editor\" data-id=\"37d8e188\" data-element_type=\"widget\" data-e-type=\"widget\" data-settings=\"{&quot;_animation&quot;:&quot;fadeIn&quot;,&quot;_animation_delay&quot;:200}\" data-widget_type=\"text-editor.default\">\n\t\t\t\t\t\t\t\t\t<div class=\"wpb_text_column wpb_content_element\"><div class=\"wpb_wrapper\"><p>Augmentez l\u2019efficacit\u00e9 et la productivit\u00e9 de votre \u00e9quipe en adaptant le workflow \u00e0 vos besoins. Ces puissants modules compl\u00e9mentaires simplifient l\u2019administration sur le chantier et au bureau.<\/p><\/div><\/div>\t\t\t\t\t\t\t\t<\/div>\n\t\t<div class=\"elementor-element elementor-element-7e1de835 e-con-full e-flex e-con e-child\" data-id=\"7e1de835\" data-element_type=\"container\" data-e-type=\"container\">\n\t\t\t\t<div class=\"elementor-element elementor-element-45285622 elementor-widget elementor-widget-button\" data-id=\"45285622\" data-element_type=\"widget\" data-e-type=\"widget\" data-widget_type=\"button.default\">\n\t\t\t\t\t\t\t\t\t\t<a class=\"elementor-button elementor-button-link elementor-size-sm\" href=\"\/fr\/solutions\/\">\n\t\t\t\t\t\t<span class=\"elementor-button-content-wrapper\">\n\t\t\t\t\t\t\t\t\t<span class=\"elementor-button-text\">DEMANDEZ UNE D\u00c9MO<\/span>\n\t\t\t\t\t<\/span>\n\t\t\t\t\t<\/a>\n\t\t\t\t\t\t\t\t<\/div>\n\t\t\t\t<div class=\"elementor-element elementor-element-7a8d9b7 elementor-widget elementor-widget-button\" data-id=\"7a8d9b7\" data-element_type=\"widget\" data-e-type=\"widget\" data-widget_type=\"button.default\">\n\t\t\t\t\t\t\t\t\t\t<a class=\"elementor-button elementor-button-link elementor-size-sm\" href=\"\/fr\/a-propos\/\">\n\t\t\t\t\t\t<span class=\"elementor-button-content-wrapper\">\n\t\t\t\t\t\t\t\t\t<span class=\"elementor-button-text\">\u00c0 PROPOS<\/span>\n\t\t\t\t\t<\/span>\n\t\t\t\t\t<\/a>\n\t\t\t\t\t\t\t\t<\/div>\n\t\t\t\t<\/div>\n\t\t\t\t<\/div>\n\t\t\t\t<\/div>\n\t\t<div class=\"elementor-element elementor-element-a400471 e-con-full e-flex e-con e-child\" data-id=\"a400471\" data-element_type=\"container\" data-e-type=\"container\" data-settings=\"{&quot;background_background&quot;:&quot;classic&quot;}\">\n\t\t<div class=\"elementor-element elementor-element-05a0217 e-con-full e-flex e-con e-child\" data-id=\"05a0217\" data-element_type=\"container\" data-e-type=\"container\">\n\t\t<div class=\"elementor-element elementor-element-35fa172 e-con-full e-flex e-con e-child\" data-id=\"35fa172\" data-element_type=\"container\" data-e-type=\"container\">\n\t\t\t\t<div class=\"elementor-element elementor-element-07fa087 elementor-widget elementor-widget-text-editor\" data-id=\"07fa087\" data-element_type=\"widget\" data-e-type=\"widget\" data-widget_type=\"text-editor.default\">\n\t\t\t\t\t\t\t\t\t<p class=\"translation-block\">Fatigu\u00e9 de l\u2019encodage <br>manuel du temps ?<\/p>\t\t\t\t\t\t\t\t<\/div>\n\t\t\t\t<div class=\"elementor-element elementor-element-a81940e elementor-widget elementor-widget-button\" data-id=\"a81940e\" data-element_type=\"widget\" data-e-type=\"widget\" data-widget_type=\"button.default\">\n\t\t\t\t\t\t\t\t\t\t<a class=\"elementor-button elementor-button-link elementor-size-sm\" href=\"\/fr\/solutions\/timesheet-app\/\">\n\t\t\t\t\t\t<span class=\"elementor-button-content-wrapper\">\n\t\t\t\t\t\t<span class=\"elementor-button-icon\">\n\t\t\t\t<svg xmlns=\"http:\/\/www.w3.org\/2000\/svg\" xmlns:xlink=\"http:\/\/www.w3.org\/1999\/xlink\" id=\"Laag_1\" data-name=\"Laag 1\" viewbox=\"0 0 34 34\"><defs><clippath id=\"clippath\"><rect x=\".71\" y=\".71\" width=\"32.59\" height=\"32.59\" style=\"fill: none;\"><\/rect><\/clippath><\/defs><g style=\"clip-path: url(#clippath);\"><path d=\"M17,33.3c9,0,16.3-7.3,16.3-16.3S26,.71,17,.71.7,8,.7,17s7.3,16.3,16.3,16.3\" style=\"fill: #162f1d;\"><\/path><\/g><polygon points=\"15.51 12.37 15.51 13.06 20.85 13.06 13.61 21.82 14.15 22.26 21.24 13.68 21.24 18.99 21.93 18.99 21.93 12.37 15.51 12.37\" style=\"fill: #fff;\"><\/polygon><\/svg>\t\t\t<\/span>\n\t\t\t\t\t\t\t\t\t<span class=\"elementor-button-text\">Timesheet app<\/span>\n\t\t\t\t\t<\/span>\n\t\t\t\t\t<\/a>\n\t\t\t\t\t\t\t\t<\/div>\n\t\t\t\t<\/div>\n\t\t<div class=\"elementor-element elementor-element-4a74602 e-con-full e-flex e-con e-child\" data-id=\"4a74602\" data-element_type=\"container\" data-e-type=\"container\">\n\t\t\t\t<div class=\"elementor-element elementor-element-5587871 elementor-widget elementor-widget-text-editor\" data-id=\"5587871\" data-element_type=\"widget\" data-e-type=\"widget\" data-widget_type=\"text-editor.default\">\n\t\t\t\t\t\t\t\t\t<p>Prenez le contr\u00f4le de votre flux de facturation gr\u00e2ce \u00e0 un processus d\u2019approbation rapide et digital<\/p>\t\t\t\t\t\t\t\t<\/div>\n\t\t\t\t<div class=\"elementor-element elementor-element-2038e65 elementor-align-left elementor-widget elementor-widget-button\" data-id=\"2038e65\" data-element_type=\"widget\" data-e-type=\"widget\" data-widget_type=\"button.default\">\n\t\t\t\t\t\t\t\t\t\t<a class=\"elementor-button elementor-button-link elementor-size-sm\" href=\"\/fr\/solutions\/approbation-de-facture\/\">\n\t\t\t\t\t\t<span class=\"elementor-button-content-wrapper\">\n\t\t\t\t\t\t<span class=\"elementor-button-icon\">\n\t\t\t\t<svg xmlns=\"http:\/\/www.w3.org\/2000\/svg\" xmlns:xlink=\"http:\/\/www.w3.org\/1999\/xlink\" id=\"Laag_1\" data-name=\"Laag 1\" viewbox=\"0 0 34 34\"><defs><clippath id=\"clippath\"><rect x=\".71\" y=\".71\" width=\"32.59\" height=\"32.59\" style=\"fill: none;\"><\/rect><\/clippath><\/defs><g style=\"clip-path: url(#clippath);\"><path d=\"M17,33.3c9,0,16.3-7.3,16.3-16.3S26,.71,17,.71.7,8,.7,17s7.3,16.3,16.3,16.3\" style=\"fill: #162f1d;\"><\/path><\/g><polygon points=\"15.51 12.37 15.51 13.06 20.85 13.06 13.61 21.82 14.15 22.26 21.24 13.68 21.24 18.99 21.93 18.99 21.93 12.37 15.51 12.37\" style=\"fill: #fff;\"><\/polygon><\/svg>\t\t\t<\/span>\n\t\t\t\t\t\t\t\t\t<span class=\"elementor-button-text\">Approbation de la facture<\/span>\n\t\t\t\t\t<\/span>\n\t\t\t\t\t<\/a>\n\t\t\t\t\t\t\t\t<\/div>\n\t\t\t\t<\/div>\n\t\t<div class=\"elementor-element elementor-element-d6dbcb6 e-con-full e-flex e-con e-child\" data-id=\"d6dbcb6\" data-element_type=\"container\" data-e-type=\"container\">\n\t\t\t\t<div class=\"elementor-element elementor-element-b9d8343 elementor-widget elementor-widget-text-editor\" data-id=\"b9d8343\" data-element_type=\"widget\" data-e-type=\"widget\" data-widget_type=\"text-editor.default\">\n\t\t\t\t\t\t\t\t\t<p class=\"translation-block\">Communication centralis\u00e9e entre le bureau et le chantier<\/p>\t\t\t\t\t\t\t\t<\/div>\n\t\t\t\t<div class=\"elementor-element elementor-element-cbecc63 elementor-widget elementor-widget-button\" data-id=\"cbecc63\" data-element_type=\"widget\" data-e-type=\"widget\" data-widget_type=\"button.default\">\n\t\t\t\t\t\t\t\t\t\t<a class=\"elementor-button elementor-button-link elementor-size-sm\" href=\"\/fr\/solutions\/my-day-app\/\">\n\t\t\t\t\t\t<span class=\"elementor-button-content-wrapper\">\n\t\t\t\t\t\t<span class=\"elementor-button-icon\">\n\t\t\t\t<svg xmlns=\"http:\/\/www.w3.org\/2000\/svg\" xmlns:xlink=\"http:\/\/www.w3.org\/1999\/xlink\" id=\"Laag_1\" data-name=\"Laag 1\" viewbox=\"0 0 34 34\"><defs><clippath id=\"clippath\"><rect x=\".71\" y=\".71\" width=\"32.59\" height=\"32.59\" style=\"fill: none;\"><\/rect><\/clippath><\/defs><g style=\"clip-path: url(#clippath);\"><path d=\"M17,33.3c9,0,16.3-7.3,16.3-16.3S26,.71,17,.71.7,8,.7,17s7.3,16.3,16.3,16.3\" style=\"fill: #162f1d;\"><\/path><\/g><polygon points=\"15.51 12.37 15.51 13.06 20.85 13.06 13.61 21.82 14.15 22.26 21.24 13.68 21.24 18.99 21.93 18.99 21.93 12.37 15.51 12.37\" style=\"fill: #fff;\"><\/polygon><\/svg>\t\t\t<\/span>\n\t\t\t\t\t\t\t\t\t<span class=\"elementor-button-text\">My day app<\/span>\n\t\t\t\t\t<\/span>\n\t\t\t\t\t<\/a>\n\t\t\t\t\t\t\t\t<\/div>\n\t\t\t\t<\/div>\n\t\t\t\t<\/div>\n\t\t<div class=\"elementor-element elementor-element-b9ed998 e-con-full e-flex e-con e-child\" data-id=\"b9ed998\" data-element_type=\"container\" data-e-type=\"container\">\n\t\t<div class=\"elementor-element elementor-element-4fa9965 e-con-full e-flex e-con e-child\" data-id=\"4fa9965\" data-element_type=\"container\" data-e-type=\"container\">\n\t\t\t\t<div class=\"elementor-element elementor-element-db8c7f3 elementor-widget elementor-widget-text-editor\" data-id=\"db8c7f3\" data-element_type=\"widget\" data-e-type=\"widget\" data-widget_type=\"text-editor.default\">\n\t\t\t\t\t\t\t\t\t<p class=\"translation-block\">Gestion efficace <br>des stocks\net du mat\u00e9riel<\/p>\t\t\t\t\t\t\t\t<\/div>\n\t\t\t\t<div class=\"elementor-element elementor-element-855383f elementor-widget elementor-widget-button\" data-id=\"855383f\" data-element_type=\"widget\" data-e-type=\"widget\" data-widget_type=\"button.default\">\n\t\t\t\t\t\t\t\t\t\t<a class=\"elementor-button elementor-button-link elementor-size-sm\" href=\"\/fr\/solutions\/logistics\/\">\n\t\t\t\t\t\t<span class=\"elementor-button-content-wrapper\">\n\t\t\t\t\t\t<span class=\"elementor-button-icon\">\n\t\t\t\t<svg xmlns=\"http:\/\/www.w3.org\/2000\/svg\" xmlns:xlink=\"http:\/\/www.w3.org\/1999\/xlink\" id=\"Laag_1\" data-name=\"Laag 1\" viewbox=\"0 0 34 34\"><defs><clippath id=\"clippath\"><rect x=\".71\" y=\".71\" width=\"32.59\" height=\"32.59\" style=\"fill: none;\"><\/rect><\/clippath><\/defs><g style=\"clip-path: url(#clippath);\"><path d=\"M17,33.3c9,0,16.3-7.3,16.3-16.3S26,.71,17,.71.7,8,.7,17s7.3,16.3,16.3,16.3\" style=\"fill: #162f1d;\"><\/path><\/g><polygon points=\"15.51 12.37 15.51 13.06 20.85 13.06 13.61 21.82 14.15 22.26 21.24 13.68 21.24 18.99 21.93 18.99 21.93 12.37 15.51 12.37\" style=\"fill: #fff;\"><\/polygon><\/svg>\t\t\t<\/span>\n\t\t\t\t\t\t\t\t\t<span class=\"elementor-button-text\">Logistics<\/span>\n\t\t\t\t\t<\/span>\n\t\t\t\t\t<\/a>\n\t\t\t\t\t\t\t\t<\/div>\n\t\t\t\t<\/div>\n\t\t<div class=\"elementor-element elementor-element-37602b0 e-con-full e-flex e-con e-child\" data-id=\"37602b0\" data-element_type=\"container\" data-e-type=\"container\">\n\t\t\t\t<div class=\"elementor-element elementor-element-7a37b65 elementor-widget elementor-widget-text-editor\" data-id=\"7a37b65\" data-element_type=\"widget\" data-e-type=\"widget\" data-widget_type=\"text-editor.default\">\n\t\t\t\t\t\t\t\t\t<p class=\"translation-block\">Vue claire sur les<br>\nindicateurs essentiels<\/p>\t\t\t\t\t\t\t\t<\/div>\n\t\t\t\t<div class=\"elementor-element elementor-element-83a0375 elementor-widget elementor-widget-button\" data-id=\"83a0375\" data-element_type=\"widget\" data-e-type=\"widget\" data-widget_type=\"button.default\">\n\t\t\t\t\t\t\t\t\t\t<a class=\"elementor-button elementor-button-link elementor-size-sm\" href=\"\/fr\/solutions\/finance\/\">\n\t\t\t\t\t\t<span class=\"elementor-button-content-wrapper\">\n\t\t\t\t\t\t<span class=\"elementor-button-icon\">\n\t\t\t\t<svg xmlns=\"http:\/\/www.w3.org\/2000\/svg\" xmlns:xlink=\"http:\/\/www.w3.org\/1999\/xlink\" id=\"Laag_1\" data-name=\"Laag 1\" viewbox=\"0 0 34 34\"><defs><clippath id=\"clippath\"><rect x=\".71\" y=\".71\" width=\"32.59\" height=\"32.59\" style=\"fill: none;\"><\/rect><\/clippath><\/defs><g style=\"clip-path: url(#clippath);\"><path d=\"M17,33.3c9,0,16.3-7.3,16.3-16.3S26,.71,17,.71.7,8,.7,17s7.3,16.3,16.3,16.3\" style=\"fill: #162f1d;\"><\/path><\/g><polygon points=\"15.51 12.37 15.51 13.06 20.85 13.06 13.61 21.82 14.15 22.26 21.24 13.68 21.24 18.99 21.93 18.99 21.93 12.37 15.51 12.37\" style=\"fill: #fff;\"><\/polygon><\/svg>\t\t\t<\/span>\n\t\t\t\t\t\t\t\t\t<span class=\"elementor-button-text\">Finance<\/span>\n\t\t\t\t\t<\/span>\n\t\t\t\t\t<\/a>\n\t\t\t\t\t\t\t\t<\/div>\n\t\t\t\t<\/div>\n\t\t<div class=\"elementor-element elementor-element-3a834e5 e-con-full e-flex e-con e-child\" data-id=\"3a834e5\" data-element_type=\"container\" data-e-type=\"container\">\n\t\t\t\t<\/div>\n\t\t\t\t<\/div>\n\t\t\t\t<\/div>\n\t\t\t\t\t<\/div>\n\t\t\t\t<\/div>\n\t\t\t\t<\/div>","protected":false},"excerpt":{"rendered":"<p>Minimize paper Maximize efficiency Boost your team\u2019s efficiency and productivity by customizing the workflow to your needs. These powerful add-ons simplify administration on the construction site and in the office. ASK A DEMO ABOUT Tired of manual timeentry as well? Timesheet app Take control of your invoice flow with a fast, digital approval process. Invoice [&hellip;]<\/p>\n","protected":false},"author":2,"featured_media":0,"parent":0,"menu_order":0,"comment_status":"closed","ping_status":"closed","template":"elementor_header_footer","meta":{"_acf_changed":false,"footnotes":""},"class_list":["post-1600","page","type-page","status-publish","hentry"],"acf":[],"yoast_head":"<!-- This site is optimized with the Yoast SEO Premium plugin v27.5 (Yoast SEO v27.5) - https:\/\/yoast.com\/product\/yoast-seo-premium-wordpress\/ -->\n<title>Add ons - KPD<\/title>\n<meta name=\"robots\" content=\"index, follow, max-snippet:-1, max-image-preview:large, max-video-preview:-1\" \/>\n<link rel=\"canonical\" href=\"https:\/\/kpd.be\/fr\/add-ons\/\" \/>\n<meta property=\"og:locale\" content=\"fr_FR\" \/>\n<meta property=\"og:type\" content=\"article\" \/>\n<meta property=\"og:title\" content=\"Add ons\" \/>\n<meta property=\"og:description\" content=\"Minimize paper Maximize efficiency Boost your team\u2019s efficiency and productivity by customizing the workflow to your needs. These powerful add-ons simplify administration on the construction site and in the office. ASK A DEMO ABOUT Tired of manual timeentry as well? Timesheet app Take control of your invoice flow with a fast, digital approval process. Invoice [&hellip;]\" \/>\n<meta property=\"og:url\" content=\"https:\/\/kpd.be\/fr\/add-ons\/\" \/>\n<meta property=\"og:site_name\" content=\"KPD\" \/>\n<meta property=\"article:modified_time\" content=\"2026-05-07T09:24:02+00:00\" \/>\n<meta name=\"twitter:card\" content=\"summary_large_image\" \/>\n<meta name=\"twitter:label1\" content=\"Dur\u00e9e de lecture est.\" \/>\n\t<meta name=\"twitter:data1\" content=\"1 minute\" \/>\n<script type=\"application\/ld+json\" class=\"yoast-schema-graph\">{\"@context\":\"https:\\\/\\\/schema.org\",\"@graph\":[{\"@type\":\"WebPage\",\"@id\":\"https:\\\/\\\/kpd.be\\\/add-ons\\\/\",\"url\":\"https:\\\/\\\/kpd.be\\\/add-ons\\\/\",\"name\":\"Add ons - KPD\",\"isPartOf\":{\"@id\":\"https:\\\/\\\/kpd.be\\\/#website\"},\"datePublished\":\"2026-04-25T10:41:56+00:00\",\"dateModified\":\"2026-05-07T09:24:02+00:00\",\"breadcrumb\":{\"@id\":\"https:\\\/\\\/kpd.be\\\/add-ons\\\/#breadcrumb\"},\"inLanguage\":\"fr-BE\",\"potentialAction\":[{\"@type\":\"ReadAction\",\"target\":[\"https:\\\/\\\/kpd.be\\\/add-ons\\\/\"]}]},{\"@type\":\"BreadcrumbList\",\"@id\":\"https:\\\/\\\/kpd.be\\\/add-ons\\\/#breadcrumb\",\"itemListElement\":[{\"@type\":\"ListItem\",\"position\":1,\"name\":\"Home\",\"item\":\"https:\\\/\\\/kpd.be\\\/\"},{\"@type\":\"ListItem\",\"position\":2,\"name\":\"Add ons\"}]},{\"@type\":\"WebSite\",\"@id\":\"https:\\\/\\\/kpd.be\\\/#website\",\"url\":\"https:\\\/\\\/kpd.be\\\/\",\"name\":\"KPD\",\"description\":\"Construction software for ambitious construction companies.\",\"publisher\":{\"@id\":\"https:\\\/\\\/kpd.be\\\/#organization\"},\"potentialAction\":[{\"@type\":\"SearchAction\",\"target\":{\"@type\":\"EntryPoint\",\"urlTemplate\":\"https:\\\/\\\/kpd.be\\\/?s={search_term_string}\"},\"query-input\":{\"@type\":\"PropertyValueSpecification\",\"valueRequired\":true,\"valueName\":\"search_term_string\"}}],\"inLanguage\":\"fr-BE\"},{\"@type\":\"Organization\",\"@id\":\"https:\\\/\\\/kpd.be\\\/#organization\",\"name\":\"KPD\",\"url\":\"https:\\\/\\\/kpd.be\\\/\",\"logo\":{\"@type\":\"ImageObject\",\"inLanguage\":\"fr-BE\",\"@id\":\"https:\\\/\\\/kpd.be\\\/#\\\/schema\\\/logo\\\/image\\\/\",\"url\":\"https:\\\/\\\/kpd.be\\\/wp-content\\\/uploads\\\/2026\\\/04\\\/logo-kpd-standard_onlight.png\",\"contentUrl\":\"https:\\\/\\\/kpd.be\\\/wp-content\\\/uploads\\\/2026\\\/04\\\/logo-kpd-standard_onlight.png\",\"width\":1242,\"height\":579,\"caption\":\"KPD\"},\"image\":{\"@id\":\"https:\\\/\\\/kpd.be\\\/#\\\/schema\\\/logo\\\/image\\\/\"}}]}<\/script>\n<!-- \/ Yoast SEO Premium plugin. -->","yoast_head_json":{"title":"Add ons - KPD","robots":{"index":"index","follow":"follow","max-snippet":"max-snippet:-1","max-image-preview":"max-image-preview:large","max-video-preview":"max-video-preview:-1"},"canonical":"https:\/\/kpd.be\/fr\/add-ons\/","og_locale":"fr_FR","og_type":"article","og_title":"Add ons","og_description":"Minimize paper Maximize efficiency Boost your team\u2019s efficiency and productivity by customizing the workflow to your needs. These powerful add-ons simplify administration on the construction site and in the office. ASK A DEMO ABOUT Tired of manual timeentry as well? Timesheet app Take control of your invoice flow with a fast, digital approval process. Invoice [&hellip;]","og_url":"https:\/\/kpd.be\/fr\/add-ons\/","og_site_name":"KPD","article_modified_time":"2026-05-07T09:24:02+00:00","twitter_card":"summary_large_image","twitter_misc":{"Dur\u00e9e de lecture est.":"1 minute"},"schema":{"@context":"https:\/\/schema.org","@graph":[{"@type":"WebPage","@id":"https:\/\/kpd.be\/add-ons\/","url":"https:\/\/kpd.be\/add-ons\/","name":"Add ons - KPD","isPartOf":{"@id":"https:\/\/kpd.be\/#website"},"datePublished":"2026-04-25T10:41:56+00:00","dateModified":"2026-05-07T09:24:02+00:00","breadcrumb":{"@id":"https:\/\/kpd.be\/add-ons\/#breadcrumb"},"inLanguage":"fr-BE","potentialAction":[{"@type":"ReadAction","target":["https:\/\/kpd.be\/add-ons\/"]}]},{"@type":"BreadcrumbList","@id":"https:\/\/kpd.be\/add-ons\/#breadcrumb","itemListElement":[{"@type":"ListItem","position":1,"name":"Home","item":"https:\/\/kpd.be\/"},{"@type":"ListItem","position":2,"name":"Add ons"}]},{"@type":"WebSite","@id":"https:\/\/kpd.be\/#website","url":"https:\/\/kpd.be\/","name":"KPD","description":"Construction software for ambitious construction companies.","publisher":{"@id":"https:\/\/kpd.be\/#organization"},"potentialAction":[{"@type":"SearchAction","target":{"@type":"EntryPoint","urlTemplate":"https:\/\/kpd.be\/?s={search_term_string}"},"query-input":{"@type":"PropertyValueSpecification","valueRequired":true,"valueName":"search_term_string"}}],"inLanguage":"fr-BE"},{"@type":"Organization","@id":"https:\/\/kpd.be\/#organization","name":"KPD","url":"https:\/\/kpd.be\/","logo":{"@type":"ImageObject","inLanguage":"fr-BE","@id":"https:\/\/kpd.be\/#\/schema\/logo\/image\/","url":"https:\/\/kpd.be\/wp-content\/uploads\/2026\/04\/logo-kpd-standard_onlight.png","contentUrl":"https:\/\/kpd.be\/wp-content\/uploads\/2026\/04\/logo-kpd-standard_onlight.png","width":1242,"height":579,"caption":"KPD"},"image":{"@id":"https:\/\/kpd.be\/#\/schema\/logo\/image\/"}}]}},"_links":{"self":[{"href":"https:\/\/kpd.be\/fr\/wp-json\/wp\/v2\/pages\/1600","targetHints":{"allow":["GET"]}}],"collection":[{"href":"https:\/\/kpd.be\/fr\/wp-json\/wp\/v2\/pages"}],"about":[{"href":"https:\/\/kpd.be\/fr\/wp-json\/wp\/v2\/types\/page"}],"author":[{"embeddable":true,"href":"https:\/\/kpd.be\/fr\/wp-json\/wp\/v2\/users\/2"}],"replies":[{"embeddable":true,"href":"https:\/\/kpd.be\/fr\/wp-json\/wp\/v2\/comments?post=1600"}],"version-history":[{"count":22,"href":"https:\/\/kpd.be\/fr\/wp-json\/wp\/v2\/pages\/1600\/revisions"}],"predecessor-version":[{"id":2856,"href":"https:\/\/kpd.be\/fr\/wp-json\/wp\/v2\/pages\/1600\/revisions\/2856"}],"wp:attachment":[{"href":"https:\/\/kpd.be\/fr\/wp-json\/wp\/v2\/media?parent=1600"}],"curies":[{"name":"wp","href":"https:\/\/api.w.org\/{rel}","templated":true}]}}